{"id":128,"date":"2014-04-07T05:14:51","date_gmt":"2014-04-07T05:14:51","guid":{"rendered":"http:\/\/themecanon.com\/themes\/trades\/?page_id=128"},"modified":"2024-02-13T18:56:37","modified_gmt":"2024-02-13T16:56:37","slug":"shortcodes-typography","status":"publish","type":"page","link":"https:\/\/altes-gasthaus-rugge.de\/?page_id=128","title":{"rendered":"Wir \u00fcber Uns"},"content":{"rendered":"<p class='lead'>Gastfreundschaft wird bei uns gelebt.<\/p>\n<p>Gelegen im Ortsteil Clarholz, unweit der B64 und in direkter Nachbarschaft zum denkmalgesch\u00fctzen Klostergeb\u00e4ude bietet unser historisches Haus von 1667 kulinarische K\u00f6stlichkeiten.<\/p>\n<p>Unsere R\u00e4umlichkeiten im denkmalgesch\u00fctzen Fachwerkhaus sind mit historisch l\u00e4ndlichen Accessoires reizvoll eingerichtet. Bei \u201eRugge\u201c speist man im Restaurant, in behaglichen Nischen oder genie\u00dft seinen Wein an unserem offenen Kamin.<\/p>\n<p>Unser freundliches geschultes Personal ber\u00e4t sie gern und serviert Ihnen ihre Lieblingsspeisen.<br \/>\n<hr\/>\n<div class='clearfix'>\n<div class='third'>\n<div class='mosaic-block fade'><a href='https:\/\/altes-gasthaus-rugge.de\/wp-content\/uploads\/2014\/04\/Gasthaus-Rugge-20.jpg' class='mosaic-overlay fancybox'  title='Theke'><\/a><div class='mosaic-backdrop'><img src='https:\/\/altes-gasthaus-rugge.de\/wp-content\/uploads\/2014\/04\/Gasthaus-Rugge-20.jpg' alt='Theke' \/><\/div><\/div>\n<\/div>\n<div class='third'>\n<div class='mosaic-block fade'><a href='https:\/\/altes-gasthaus-rugge.de\/wp-content\/uploads\/2014\/10\/Gasthaus-Rugge-9491.jpg' class='mosaic-overlay fancybox'  title='Kaminzimmer'><\/a><div class='mosaic-backdrop'><img src='https:\/\/altes-gasthaus-rugge.de\/wp-content\/uploads\/2014\/10\/Gasthaus-Rugge-9491.jpg' alt='Kaminzimmer' \/><\/div><\/div>\n<\/div>\n<div class='third last'>\n<div class='mosaic-block fade'><a href='https:\/\/altes-gasthaus-rugge.de\/wp-content\/uploads\/2013\/12\/Gasthaus-Rugge-8.jpg' class='mosaic-overlay fancybox'  title='Biergarten'><\/a><div class='mosaic-backdrop'><img src='https:\/\/altes-gasthaus-rugge.de\/wp-content\/uploads\/2013\/12\/Gasthaus-Rugge-8.jpg' alt='Biergarten' \/><\/div><\/div>\n<\/div>\n<\/div>\n<hr\/>\n<blockquote>\n<p style=\"text-align: center;\">&#8222;Gastfreundschaft ist die Kunst, seine Besucher zum Bleiben zu veranlassen,<br \/>\nohne sie am Aufbruch zu hindern.&#8220;<\/p>\n<\/blockquote>\n","protected":false},"excerpt":{"rendered":"<p>Gelegen im Ortsteil Clarholz, unweit der B64 und in direkter Nachbarschaft zum denkmalgesch\u00fctzen Klostergeb\u00e4ude bietet unser historisches Haus von 1667 kulinarische K\u00f6stlichkeiten. Unsere R\u00e4umlichkeiten im denkmalgesch\u00fctzen Fachwerkhaus sind mit historisch l\u00e4ndlichen Accessoires reizvoll eingerichtet. Bei \u201eRugge\u201c speist man im Restaurant, in behaglichen Nischen oder genie\u00dft seinen Wein an unserem offenen Kamin. Unser freundliches geschultes Personal [&hellip;]<\/p>\n","protected":false},"author":1,"featured_media":0,"parent":0,"menu_order":0,"comment_status":"closed","ping_status":"closed","template":"page-full-width.php","meta":{"footnotes":""},"class_list":["post-128","page","type-page","status-publish","hentry"],"_links":{"self":[{"href":"https:\/\/altes-gasthaus-rugge.de\/index.php?rest_route=\/wp\/v2\/pages\/128","targetHints":{"allow":["GET"]}}],"collection":[{"href":"https:\/\/altes-gasthaus-rugge.de\/index.php?rest_route=\/wp\/v2\/pages"}],"about":[{"href":"https:\/\/altes-gasthaus-rugge.de\/index.php?rest_route=\/wp\/v2\/types\/page"}],"author":[{"embeddable":true,"href":"https:\/\/altes-gasthaus-rugge.de\/index.php?rest_route=\/wp\/v2\/users\/1"}],"replies":[{"embeddable":true,"href":"https:\/\/altes-gasthaus-rugge.de\/index.php?rest_route=%2Fwp%2Fv2%2Fcomments&post=128"}],"version-history":[{"count":13,"href":"https:\/\/altes-gasthaus-rugge.de\/index.php?rest_route=\/wp\/v2\/pages\/128\/revisions"}],"predecessor-version":[{"id":2111,"href":"https:\/\/altes-gasthaus-rugge.de\/index.php?rest_route=\/wp\/v2\/pages\/128\/revisions\/2111"}],"wp:attachment":[{"href":"https:\/\/altes-gasthaus-rugge.de\/index.php?rest_route=%2Fwp%2Fv2%2Fmedia&parent=128"}],"curies":[{"name":"wp","href":"https:\/\/api.w.org\/{rel}","templated":true}]}}